{"id":78,"date":"2023-10-14T21:34:37","date_gmt":"2023-10-14T21:34:37","guid":{"rendered":"https:\/\/dmi.fizika.unios.hr\/?page_id=78"},"modified":"2025-12-15T00:43:51","modified_gmt":"2025-12-15T00:43:51","slug":"odbori","status":"publish","type":"page","link":"https:\/\/dmi.fizika.unios.hr\/index.php\/odbori\/","title":{"rendered":"ODBORI"},"content":{"rendered":"\n<p class=\"has-large-font-size\"><strong>\u010clanovo znanstveno-organizacijskog odbora:<\/strong><\/p>\n\n\n\n<p><strong>prof. dr. sc. Martina Smoli\u0107<\/strong>, Fakultet za dentalnu medicinu i zdravstvo Osijek<br><strong>prof. dr. sc. Robert Smoli\u0107<\/strong>, Fakultet za dentalnu medicinu i zdravstvo Osijek<br><strong>izv. prof. dr. sc. Kristina Bojani\u0107<\/strong>, Fakultet za dentalnu medicinu i zdravstvo Osijek<br><strong>prof.dr.sc. Branko Dmitrovi\u0107<\/strong>, Fakultet za dentalnu medicinu i zdravstvo Osijek<br><strong>izv. prof. dr. sc. Martina \u0160rajer Gajdo\u0161ik<\/strong>, Odjel za kemiju Sveu\u010dili\u0161ta u Osijeku<br><strong>izv. prof. dr. sc. Marija Jozanovi\u0107<\/strong>, Odjel za kemiju Sveu\u010dili\u0161ta u Osijeku<br><strong>doc. dr. sc. \u017deljka Klir \u0160alavardi\u0107<\/strong>, Fakultet agrobiotehni\u010dkih znanosti Osijek<br><strong>doc. dr. sc. Marin Kova\u010di\u0107<\/strong>, Fakultet agrobiotehni\u010dkih znanosti Osijek<br><strong>izv. prof. dr. sc. Maja Molnar<\/strong>, Prehrambeno-tehnolo\u0161ki fakultet Osijek<br><strong>prof. dr. sc. \u0110ur\u0111ica A\u010dkar<\/strong>, Prehrambeno-tehnolo\u0161ki fakultet Osijek<br><strong>izv. prof. dr. sc. Ana Stupin<\/strong>, Medicinski fakultet Osijek<br><strong>prof. dr. sc. Ines Bili\u0107 \u0106ur\u010di\u0107<\/strong>, Medicinski fakultet Osijek<br><strong>izv. prof. dr. sc. Ivana Juki\u0107<\/strong>, Medicinski fakultet Osijek<br><strong>doc. dr. sc. Anita Galir<\/strong>, Odjel za biologiju Sveu\u010dili\u0161ta u Osijeku<br><strong>izv. prof. dr. sc. Dubravka \u0160poljari\u0107 Maroni\u0107<\/strong>, Odjel za biologiju Sveu\u010dili\u0161ta u Osijeku<br><strong>doc. dr. sc. Ivana Crnjac<\/strong>, Fakultet primijenjene matematike i informatike<br><strong>doc. dr. sc. Mateja \u0110umi\u0107<\/strong>, Fakultet primijenjene matematike i informatike<br><strong>prof. dr. sc. Igor Luka\u010devi\u0107<\/strong>, Odjel za fiziku Sveu\u010dili\u0161ta u Osijeku<\/p>\n\n\n\n<p class=\"has-text-align-center has-large-font-size\"><strong>PO\u010cASNI ODBOR<\/strong><\/p>\n\n\n\n<p><br><strong>prof. dr. sc. Drago \u0160ubari\u0107<\/strong> &#8211; Rektor (Sveu\u010dili\u0161te Josipa Jurja Strossmayera u Osijeku)<br><strong>prof. dr. sc. Damir Matanovi\u0107<\/strong> &#8211; Prorektor za nastavu i studente (Sveu\u010dili\u0161te Josipa Jurja Strossmayera u Osijeku)<br><strong>prof. dr. sc. Jurislav Babi\u0107<\/strong> &#8211; Prorektor za znanost i me\u0111unarodnu suradnju (Sveu\u010dili\u0161te Josipa Jurja Strossmayera u Osijeku)<br><strong>prof. dr. sc. Vlado Guberac<\/strong> &#8211; Prorektor za transfer tehnologija, inovacije i suradnju s gospodarstvom (Sveu\u010dili\u0161te Josipa Jurja Strossmayera u Osijeku)<br><strong>prof. dr. sc. Boris Crnkovi\u0107<\/strong> &#8211; Prorektor za strategiju razvoja i financije (Sveu\u010dili\u0161te Josipa Jurja Strossmayera u Osijeku)<br><strong>prof. dr. art. Robert Raponja<\/strong> &#8211; Prorektor za kulturu, umjetnost i sveu\u010dili\u0161no izdava\u0161tvo (Sveu\u010dili\u0161te Josipa Jurja Strossmayera u Osijeku)<br><strong>prof. dr. sc. Tomislav Vinkovi\u0107<\/strong>, Dekan (Fakultet agrobiotehni\u010dkih znanosti Osijek)<br><strong>prof. dr. sc. Stela Joki\u0107<\/strong>, univ. spec. pharm. , Dekan (Prehrambeno-tehnolo\u0161ki fakultet Osijek)<br><strong>Prof. dr. sc. Domagoj Drenjan\u010devi\u0107<\/strong>, Dekan (Medicinski fakultet u Osijeku)<br><strong>prof. dr. sc. Aleksandar V\u010dev<\/strong>, Dekan (Fakultet za dentalnu medicinu i zdravstvo Osijek)<br><strong>prof. dr. sc. Kre\u0161imir Burazin<\/strong>, Prodekan za znanstveno-istra\u017eiva\u010dki rad (Fakultet primijenjene matematike i informatike)<br><strong>izv. prof. dr. sc. Tanja \u017duna Pfeiffer<\/strong>, Pro\u010delnica ( Odjel za biologiju Sveu\u010dili\u0161ta u Osijeku)<br><strong>izv. prof. dr. sc. Elvira Kova\u010d-Andri\u0107<\/strong>, Pro\u010delnica (Odjel za kemiju Sveu\u010dili\u0161ta u Osijeku)<br><strong>doc. dr. sc. Marina Poje Sovilj<\/strong>, Pro\u010delnica ( Odjel za fiziku Sveu\u010dili\u0161ta u Osijeku)<\/p>\n\n\n\n<p class=\"has-normal-font-size\"><strong>Izdava\u010di<\/strong>:<\/p>\n\n\n\n<p><strong>Sveu\u010dili\u0161te Josipa Jurja Strossmayera u Osijeku<\/strong><br><strong>Fakultet za dentalnu medicinu i zdravstvo Osijek<\/strong><\/p>\n\n\n\n<div class=\"wp-block-columns is-layout-flex wp-container-3 wp-block-columns-is-layout-flex\">\n<div class=\"wp-block-column is-layout-flow wp-block-column-is-layout-flow\">\n<p><strong>UREDNICI:<br>prof. dr. sc. Martina Smoli\u0107<br>prof. dr. sc. Robert Smoli\u0107<\/strong><\/p>\n<\/div>\n\n\n\n<div class=\"wp-block-column is-layout-flow wp-block-column-is-layout-flow\">\n<p><strong>Grafi\u010dka priprema:<br>Studio HS Internet d.o.o.<\/strong><\/p>\n<\/div>\n<\/div>\n","protected":false},"excerpt":{"rendered":"<p>\u010clanovo znanstveno-organizacijskog odbora: prof. dr. sc. Martina Smoli\u0107, Fakultet za dentalnu medicinu i zdravstvo Osijekprof. dr. sc. Robert Smoli\u0107, Fakultet za dentalnu medicinu i zdravstvo Osijekizv. prof. dr. sc. Kristina Bojani\u0107, Fakultet za dentalnu medicinu i zdravstvo Osijekprof.dr.sc. Branko Dmitrovi\u0107, Fakultet za dentalnu medicinu i zdravstvo Osijekizv. prof. dr. sc. Martina \u0160rajer Gajdo\u0161ik, Odjel za [&hellip;]<\/p>\n","protected":false},"author":2,"featured_media":548,"parent":0,"menu_order":0,"comment_status":"closed","ping_status":"closed","template":"templates\/template-full-width.php","meta":{"footnotes":""},"_links":{"self":[{"href":"https:\/\/dmi.fizika.unios.hr\/index.php\/wp-json\/wp\/v2\/pages\/78"}],"collection":[{"href":"https:\/\/dmi.fizika.unios.hr\/index.php\/wp-json\/wp\/v2\/pages"}],"about":[{"href":"https:\/\/dmi.fizika.unios.hr\/index.php\/wp-json\/wp\/v2\/types\/page"}],"author":[{"embeddable":true,"href":"https:\/\/dmi.fizika.unios.hr\/index.php\/wp-json\/wp\/v2\/users\/2"}],"replies":[{"embeddable":true,"href":"https:\/\/dmi.fizika.unios.hr\/index.php\/wp-json\/wp\/v2\/comments?post=78"}],"version-history":[{"count":29,"href":"https:\/\/dmi.fizika.unios.hr\/index.php\/wp-json\/wp\/v2\/pages\/78\/revisions"}],"predecessor-version":[{"id":574,"href":"https:\/\/dmi.fizika.unios.hr\/index.php\/wp-json\/wp\/v2\/pages\/78\/revisions\/574"}],"wp:featuredmedia":[{"embeddable":true,"href":"https:\/\/dmi.fizika.unios.hr\/index.php\/wp-json\/wp\/v2\/media\/548"}],"wp:attachment":[{"href":"https:\/\/dmi.fizika.unios.hr\/index.php\/wp-json\/wp\/v2\/media?parent=78"}],"curies":[{"name":"wp","href":"https:\/\/api.w.org\/{rel}","templated":true}]}}