{"id":437,"date":"2024-10-17T11:40:20","date_gmt":"2024-10-17T11:40:20","guid":{"rendered":"https:\/\/dmi.fizika.unios.hr\/?page_id=437"},"modified":"2025-11-11T07:26:10","modified_gmt":"2025-11-11T07:26:10","slug":"arhiva-odbora","status":"publish","type":"page","link":"https:\/\/dmi.fizika.unios.hr\/index.php\/arhiva-odbora\/","title":{"rendered":"Arhiva Odbora"},"content":{"rendered":"\n<p><strong><a href=\"https:\/\/dmi.fizika.unios.hr\/wp-content\/uploads\/2025\/11\/Odbori-2024.pdf\" data-type=\"link\" data-id=\"https:\/\/dmi.fizika.unios.hr\/wp-content\/uploads\/2024\/10\/5DMI_2023_Odbori.pdf\">Odbor 6. Dana mladih istra\u017eiva\u010da<\/a><\/strong><\/p>\n\n\n\n<p><strong><a href=\"https:\/\/dmi.fizika.unios.hr\/wp-content\/uploads\/2024\/10\/5DMI_2023_Odbori.pdf\" data-type=\"link\" data-id=\"https:\/\/dmi.fizika.unios.hr\/wp-content\/uploads\/2024\/10\/5DMI_2023_Odbori.pdf\">Odbor 5. Dana mladih istra\u017eiva\u010da<\/a><\/strong><\/p>\n\n\n\n<p><strong><a href=\"https:\/\/dmi.fizika.unios.hr\/wp-content\/uploads\/2024\/10\/4DMI_2022_Odbori.pdf\" data-type=\"link\" data-id=\"https:\/\/dmi.fizika.unios.hr\/wp-content\/uploads\/2024\/10\/4DMI_2022_Odbori.pdf\">Odbor 4. Dana mladih istra\u017eiva\u010da<\/a><\/strong><\/p>\n\n\n\n<p><strong><a href=\"https:\/\/dmi.fizika.unios.hr\/wp-content\/uploads\/2024\/10\/3DMI_2021_Odbori.pdf\" data-type=\"link\" data-id=\"https:\/\/dmi.fizika.unios.hr\/wp-content\/uploads\/2024\/10\/3DMI_2021_Odbori.pdf\">Odbor 3. Dana mladih istra\u017eiva\u010da<\/a><\/strong><\/p>\n\n\n\n<p><strong><a href=\"https:\/\/dmi.fizika.unios.hr\/wp-content\/uploads\/2024\/10\/2DMI_2019_Odbori.pdf\" data-type=\"link\" data-id=\"https:\/\/dmi.fizika.unios.hr\/wp-content\/uploads\/2024\/10\/2DMI_2019_Odbori.pdf\">Odbor 2. Dana mladih istra\u017eiva\u010da<\/a><\/strong><\/p>\n\n\n\n<p><strong><a href=\"https:\/\/dmi.fizika.unios.hr\/wp-content\/uploads\/2024\/10\/1DMI_2018_Odbori.pdf\" data-type=\"link\" data-id=\"https:\/\/dmi.fizika.unios.hr\/wp-content\/uploads\/2024\/10\/1DMI_2018_Odbori.pdf\">Odbor 1. Dana mladih istra\u017eiva\u010da<\/a><\/strong><\/p>\n","protected":false},"excerpt":{"rendered":"<p>Odbor 6. Dana mladih istra\u017eiva\u010da Odbor 5. Dana mladih istra\u017eiva\u010da Odbor 4. Dana mladih istra\u017eiva\u010da Odbor 3. Dana mladih istra\u017eiva\u010da Odbor 2. Dana mladih istra\u017eiva\u010da Odbor 1. Dana mladih istra\u017eiva\u010da<\/p>\n","protected":false},"author":3,"featured_media":0,"parent":0,"menu_order":0,"comment_status":"closed","ping_status":"closed","template":"","meta":{"footnotes":""},"_links":{"self":[{"href":"https:\/\/dmi.fizika.unios.hr\/index.php\/wp-json\/wp\/v2\/pages\/437"}],"collection":[{"href":"https:\/\/dmi.fizika.unios.hr\/index.php\/wp-json\/wp\/v2\/pages"}],"about":[{"href":"https:\/\/dmi.fizika.unios.hr\/index.php\/wp-json\/wp\/v2\/types\/page"}],"author":[{"embeddable":true,"href":"https:\/\/dmi.fizika.unios.hr\/index.php\/wp-json\/wp\/v2\/users\/3"}],"replies":[{"embeddable":true,"href":"https:\/\/dmi.fizika.unios.hr\/index.php\/wp-json\/wp\/v2\/comments?post=437"}],"version-history":[{"count":2,"href":"https:\/\/dmi.fizika.unios.hr\/index.php\/wp-json\/wp\/v2\/pages\/437\/revisions"}],"predecessor-version":[{"id":530,"href":"https:\/\/dmi.fizika.unios.hr\/index.php\/wp-json\/wp\/v2\/pages\/437\/revisions\/530"}],"wp:attachment":[{"href":"https:\/\/dmi.fizika.unios.hr\/index.php\/wp-json\/wp\/v2\/media?parent=437"}],"curies":[{"name":"wp","href":"https:\/\/api.w.org\/{rel}","templated":true}]}}