{"id":414,"date":"2024-10-16T12:24:57","date_gmt":"2024-10-16T12:24:57","guid":{"rendered":"https:\/\/dmi.fizika.unios.hr\/?page_id=414"},"modified":"2025-12-01T08:13:47","modified_gmt":"2025-12-01T08:13:47","slug":"upute-za-sudjelovanje-na-6-danu-mladih-istrazivaca","status":"publish","type":"page","link":"https:\/\/dmi.fizika.unios.hr\/index.php\/upute-za-sudjelovanje-na-6-danu-mladih-istrazivaca\/","title":{"rendered":"Upute za sudjelovanje na 7. Danu mladih istra\u017eiva\u010da"},"content":{"rendered":"\n<div class=\"wp-block-columns is-layout-flex wp-container-2 wp-block-columns-is-layout-flex\">\n<div class=\"wp-block-column is-layout-flow wp-block-column-is-layout-flow\">\n<p class=\"has-larger-font-size\"><strong>Prijava sudjelovanja<\/strong><\/p>\n\n\n\n<p>Izlaga\u010di se za sudjelovanje na 7. Danu mladih istra\u017eiva\u010da prijavljuju putem Google obrasca:<\/p>\n\n\n\n<p><a href=\"https:\/\/forms.gle\/BBPF5VoESJXRQBsK7\">Poveznica<\/a><\/p>\n\n\n\n<div class=\"wp-block-blockspare-blockspare-empty-section blockspare-bb6030c6-0c5d-4 blockspare-blocks blockspare-empty-section-wrapper\" blockspare-animation=\"\"><style>.blockspare-bb6030c6-0c5d-4 .blockspare-emptysection{height:10px;width:100%;background-color:#f9f9f9}<\/style><div class=\"blockspare-emptysection blockspare-hover-item\"><\/div><\/div>\n\n\n\n<p><\/p>\n\n\n\n<p class=\"has-larger-font-size\"><strong>Upute za izradu sa\u017eetaka<\/strong><\/p>\n\n\n\n<p>Potrebno je sastaviti sa\u017eetak koji \u0107e biti dio Knjige sa\u017eetaka nakon zavr\u0161etka znanstvenog skupa.<\/p>\n\n\n\n<p>Rok za prijavu sudjelovanja je <strong>08. prosinca 2025. godine<\/strong>.<\/p>\n\n\n\n<p>Dovr\u0161ene sa\u017eetke dostavljate na mail adresu:<strong> makurtovic@fdmz.hr<\/strong><\/p>\n\n\n\n<p><a href=\"https:\/\/dmi.fizika.unios.hr\/wp-content\/uploads\/2024\/10\/Predlozak-template-sazetka.docx\" data-type=\"link\" data-id=\"https:\/\/dmi.fizika.unios.hr\/wp-content\/uploads\/2024\/10\/Predlozak-template-sazetka.docx\">Predlo\u017eak (template) sa\u017eetka<\/a><\/p>\n\n\n\n<div class=\"wp-block-blockspare-blockspare-empty-section blockspare-d7bca73d-1e52-4 blockspare-blocks blockspare-empty-section-wrapper\" blockspare-animation=\"\"><style>.blockspare-d7bca73d-1e52-4 .blockspare-emptysection{height:10px;width:100%;background-color:#f9f9f9}<\/style><div class=\"blockspare-emptysection blockspare-hover-item\"><\/div><\/div>\n\n\n\n<p><\/p>\n\n\n\n<p class=\"has-larger-font-size\"><strong>Upute za izlaganje<\/strong><\/p>\n\n\n\n<p>Izlaganje traje najvi\u0161e 10 minuta.<\/p>\n\n\n\n<p>Za izlaganje je potrebno izraditi PowerPoint prezentaciju te u istu umetnuti znak vizualnog identiteta &#8220;template&#8221; znanstvenog skupa na po\u010detnu stranicu Va\u0161e prezentacije.<\/p>\n\n\n\n<p>Prezentaciju je potrebno izraditi na engleskom jeziku, a dizajn prezentacije je po slobodnom izboru.<\/p>\n\n\n\n<p>Izlaganje mo\u017ee biti na hrvatskom ili engleskom jeziku.<\/p>\n\n\n\n<p><a href=\"https:\/\/dmi.fizika.unios.hr\/wp-content\/uploads\/2025\/11\/DMI_7_predlozak_prezentacije.pptx\" data-type=\"link\" data-id=\"https:\/\/dmi.fizika.unios.hr\/wp-content\/uploads\/2024\/10\/DMI_6_presentation-template.tif\">Vizualni identitet &#8220;presentation template&#8221; <\/a><\/p>\n\n\n\n<p><a href=\"https:\/\/dmi.fizika.unios.hr\/wp-content\/uploads\/2025\/11\/DMI_7_presentation_template.pptx\">Vizualni identitet &#8220;presentation template&#8221; &#8211; EN<\/a><\/p>\n\n\n\n<p>Ukoliko imate dodatnih pitanja, slobodno nas kontaktirajte!<\/p>\n<\/div>\n<\/div>\n","protected":false},"excerpt":{"rendered":"<p>Prijava sudjelovanja Izlaga\u010di se za sudjelovanje na 7. Danu mladih istra\u017eiva\u010da prijavljuju putem Google obrasca: Poveznica Upute za izradu sa\u017eetaka Potrebno je sastaviti sa\u017eetak koji \u0107e biti dio Knjige sa\u017eetaka nakon zavr\u0161etka znanstvenog skupa. Rok za prijavu sudjelovanja je 08. prosinca 2025. godine. Dovr\u0161ene sa\u017eetke dostavljate na mail adresu: makurtovic@fdmz.hr Predlo\u017eak (template) sa\u017eetka Upute za [&hellip;]<\/p>\n","protected":false},"author":3,"featured_media":0,"parent":0,"menu_order":0,"comment_status":"closed","ping_status":"closed","template":"","meta":{"footnotes":""},"_links":{"self":[{"href":"https:\/\/dmi.fizika.unios.hr\/index.php\/wp-json\/wp\/v2\/pages\/414"}],"collection":[{"href":"https:\/\/dmi.fizika.unios.hr\/index.php\/wp-json\/wp\/v2\/pages"}],"about":[{"href":"https:\/\/dmi.fizika.unios.hr\/index.php\/wp-json\/wp\/v2\/types\/page"}],"author":[{"embeddable":true,"href":"https:\/\/dmi.fizika.unios.hr\/index.php\/wp-json\/wp\/v2\/users\/3"}],"replies":[{"embeddable":true,"href":"https:\/\/dmi.fizika.unios.hr\/index.php\/wp-json\/wp\/v2\/comments?post=414"}],"version-history":[{"count":20,"href":"https:\/\/dmi.fizika.unios.hr\/index.php\/wp-json\/wp\/v2\/pages\/414\/revisions"}],"predecessor-version":[{"id":562,"href":"https:\/\/dmi.fizika.unios.hr\/index.php\/wp-json\/wp\/v2\/pages\/414\/revisions\/562"}],"wp:attachment":[{"href":"https:\/\/dmi.fizika.unios.hr\/index.php\/wp-json\/wp\/v2\/media?parent=414"}],"curies":[{"name":"wp","href":"https:\/\/api.w.org\/{rel}","templated":true}]}}