{"id":402,"date":"2024-10-16T06:18:06","date_gmt":"2024-10-16T06:18:06","guid":{"rendered":"https:\/\/dmi.fizika.unios.hr\/?page_id=402"},"modified":"2024-12-11T11:22:29","modified_gmt":"2024-12-11T11:22:29","slug":"arhiva-knjiga-sazetaka","status":"publish","type":"page","link":"https:\/\/dmi.fizika.unios.hr\/index.php\/arhiva-knjiga-sazetaka\/","title":{"rendered":"Arhiva knjiga sa\u017eetaka"},"content":{"rendered":"\n<div class=\"wp-block-columns is-layout-flex wp-container-2 wp-block-columns-is-layout-flex\">\n<div class=\"wp-block-column is-layout-flow wp-block-column-is-layout-flow\">\n<p><a href=\"https:\/\/dmi.fizika.unios.hr\/wp-content\/uploads\/2024\/12\/6_DMI_2024-Book-of-abstracts.pdf\" data-type=\"link\" data-id=\"https:\/\/dmi.fizika.unios.hr\/wp-content\/uploads\/2024\/12\/6_DMI_2024-Book-of-abstracts.pdf\">KNJIGA SA\u017dETAKA 2024.<\/a><\/p>\n\n\n\n<p><a href=\"https:\/\/dmi.fizika.unios.hr\/wp-content\/uploads\/2024\/10\/5DMI_2023_Book-of-Abstracts.pdf\" data-type=\"link\" data-id=\"https:\/\/dmi.fizika.unios.hr\/wp-content\/uploads\/2024\/10\/5DMI_2023_Book-of-Abstracts.pdf\">KNJIGA SA\u017dETAKA 2023.<\/a><\/p>\n\n\n\n<p><a href=\"https:\/\/dmi.fizika.unios.hr\/wp-content\/uploads\/2024\/10\/4DMI_2022_Book-of-Abstracts.pdf\" data-type=\"link\" data-id=\"https:\/\/dmi.fizika.unios.hr\/wp-content\/uploads\/2024\/10\/4DMI_2022_Book-of-Abstracts.pdf\">KNJIGA SA\u017dETAKA 2022.<\/a><\/p>\n\n\n\n<p><a href=\"https:\/\/dmi.fizika.unios.hr\/wp-content\/uploads\/2024\/10\/3DMI_2021_Book-of-Abstract.pdf\" data-type=\"link\" data-id=\"https:\/\/dmi.fizika.unios.hr\/wp-content\/uploads\/2024\/10\/3DMI_2021_Book-of-Abstract.pdf\">KNJIGA SA\u017dETAKA 2021.<\/a><\/p>\n\n\n\n<p><a href=\"https:\/\/dmi.fizika.unios.hr\/wp-content\/uploads\/2024\/10\/2DMI_2019_Book-of-Abstracts.pdf\" data-type=\"link\" data-id=\"https:\/\/dmi.fizika.unios.hr\/wp-content\/uploads\/2024\/10\/2DMI_2019_Book-of-Abstracts.pdf\">KNJIGA SA\u017dETAKA 2019.<\/a><\/p>\n\n\n\n<p><a href=\"https:\/\/dmi.fizika.unios.hr\/wp-content\/uploads\/2024\/10\/1DMI_2018_Book-of-Abstracts.pdf\" data-type=\"link\" data-id=\"https:\/\/dmi.fizika.unios.hr\/wp-content\/uploads\/2024\/10\/1DMI_2018_Book-of-Abstracts.pdf\">KNJIGA SA\u017dETAKA 2018.<\/a><\/p>\n<\/div>\n<\/div>\n","protected":false},"excerpt":{"rendered":"<p>KNJIGA SA\u017dETAKA 2024. KNJIGA SA\u017dETAKA 2023. KNJIGA SA\u017dETAKA 2022. KNJIGA SA\u017dETAKA 2021. KNJIGA SA\u017dETAKA 2019. KNJIGA SA\u017dETAKA 2018.<\/p>\n","protected":false},"author":3,"featured_media":0,"parent":0,"menu_order":0,"comment_status":"closed","ping_status":"closed","template":"","meta":{"footnotes":""},"_links":{"self":[{"href":"https:\/\/dmi.fizika.unios.hr\/index.php\/wp-json\/wp\/v2\/pages\/402"}],"collection":[{"href":"https:\/\/dmi.fizika.unios.hr\/index.php\/wp-json\/wp\/v2\/pages"}],"about":[{"href":"https:\/\/dmi.fizika.unios.hr\/index.php\/wp-json\/wp\/v2\/types\/page"}],"author":[{"embeddable":true,"href":"https:\/\/dmi.fizika.unios.hr\/index.php\/wp-json\/wp\/v2\/users\/3"}],"replies":[{"embeddable":true,"href":"https:\/\/dmi.fizika.unios.hr\/index.php\/wp-json\/wp\/v2\/comments?post=402"}],"version-history":[{"count":3,"href":"https:\/\/dmi.fizika.unios.hr\/index.php\/wp-json\/wp\/v2\/pages\/402\/revisions"}],"predecessor-version":[{"id":571,"href":"https:\/\/dmi.fizika.unios.hr\/index.php\/wp-json\/wp\/v2\/pages\/402\/revisions\/571"}],"wp:attachment":[{"href":"https:\/\/dmi.fizika.unios.hr\/index.php\/wp-json\/wp\/v2\/media?parent=402"}],"curies":[{"name":"wp","href":"https:\/\/api.w.org\/{rel}","templated":true}]}}